{"id":86611,"date":"2025-09-24T12:52:09","date_gmt":"2025-09-24T10:52:09","guid":{"rendered":"https:\/\/www.tb-weeze.com\/algemeen-directeur\/"},"modified":"2025-10-02T12:50:28","modified_gmt":"2025-10-02T10:50:28","slug":"ceo","status":"publish","type":"page","link":"https:\/\/www.tb-weeze.com\/nl\/ceo\/","title":{"rendered":"CEO"},"content":{"rendered":"\n<h1  data-animation-delay=\"0\" data-animation-duration=\"1\">\n\t\t\t3 Fragen an <br \/>Dr. Christian Endress\t<\/h1>\n\t\t\t\t<img decoding=\"async\" src=\"https:\/\/www.tb-weeze.com\/wp-content\/uploads\/2025\/09\/training-base-weeze-dr-michael-endress.webp\" alt=\"training-base-weeze-dr-michael-endre\u00df\" itemprop=\"image\" height=\"1333\" width=\"1000\" title=\"training-base-weeze-dr-michael-endre\u00df\" onerror=\"this.style.display='none'\" loading=\"lazy\" \/>\n\t\t<p>Als CEO von Europas gr\u00f6\u00dfter Training Base tr\u00e4gt Dr. Christian Endre\u00df eine besondere Verantwortung. In diesem Dialog gew\u00e4hrt er Einblicke in seine Sichtweisen und die zuk\u00fcnftigen Herausforderungen in der Einsatzvorbereitung.<\/p>\n\t\t<h4>Dr. Christian Endress<\/h4><p>Dr. Christian Endre\u00df ist ein angesehener Experte f\u00fcr innere Sicherheit, Katastrophenschutz, Spionageabwehr, Krisenmanagement, den Schutz kritischer Infrastrukturen und Unternehmenssicherheit. In seiner Laufbahn war er unter anderem Vorstand der Akademie f\u00fcr Sicherheit in der Wirtschaft AG und zuletzt als Senior Manager im Forensic-Bereich bei Deloitte t\u00e4tig.<\/p>\n<p>Seine langj\u00e4hrige Erfahrung und seine fachliche Expertise werden in alle unsere Prozesse der strategischen Ausrichtung einflie\u00dfen.<\/p>\n<h1  data-animation-delay=\"0\" data-animation-duration=\"1\">\n\t\t\t01\t<\/h1>\n<h2  data-animation-delay=\"0\" data-animation-duration=\"1\">\n\t\t\tVerantwortung und Leitgedanke\t<\/h2>\n\t\t<p>Welche Verantwortung hat Europas gr\u00f6\u00dfte Training Base in der Einsatzvorbereitung?<\/p>\n\t\t<h4>1. F\u00fchrungsf\u00e4higkeit<\/h4><p>Allgemein betonen wir, dass Einsatzleitung und Ausbildung auf Klarheit, F\u00fcrsorge und die Erhaltung der Einsatzf\u00e4higkeit ausgerichtet sein m\u00fcssen. Damit tr\u00e4gt eine Einrichtung wie die Training Base Weeze die Verantwortung, Strukturen und Szenarien so zu gestalten, dass F\u00fchrung, Teamarbeit und Sicherheit nachhaltig trainiert werden k\u00f6nnen.<\/p>\n\t\t<h4>2. Umgang mit komplexen Gefahrenlagen<\/h4><p>ABC- und CBRN-Szenarien Teil der Pflicht. Hier gilt, Einsatzkr\u00e4fte auf Kontamination, Inkorporation und die Gefahren mechanischer Energie realit\u00e4tsnah vorzubereiten. Wir m\u00fcssen also zuk\u00fcnftig noch diversere \u00dcbungsumgebungen bereitstellen, in denen diese extremen Szenarien realistisch und zugleich sicher trainiert werden k\u00f6nnen.<\/p>\n\t\t<h4>3. Internationale Verantwortung<\/h4><p>Zur\u00fcckliegende Gro\u00dfschadenslagen unterstreichen, dass Rettungsteams nach internationalen Standards ausgebildet und klassifiziert werden m\u00fcssen, um im Katastrophenfall verl\u00e4sslich integriert werden zu k\u00f6nnen. Damit ist die Training Base Weeze auch Teil eines globalen Netzwerks, das \u00fcber rein nationale Anforderungen hinausgeht. Sie tr\u00e4gt Verantwortung, Interoperabilit\u00e4t und Vergleichbarkeit in der Ausbildung sicherzustellen.<\/p>\n\t\t<h4>4. Gesellschaftlicher Auftrag<\/h4><p>Mit dem neuen KRITIS-Dachgesetz werden kritische Infrastrukturen st\u00e4rker in den Blick genommen. Ausbildungszentren, die sich auf Gefahrenabwehr spezialisieren, haben die Verantwortung, ihre Trainingskonzepte auf Resilienz, Pr\u00e4vention und den Schutz kritischer Anlagen auszurichten.<\/p>\n<p>Die Training Base Weeze ist damit nicht nur Ausbildungsort, sondern auch Plattform f\u00fcr die Weiterentwicklung von Strategien zur zivilen Verteidigung.<\/p>\n\t\t<h4>5. Geopolitischer Kontext<\/h4><p>Angesichts internationaler Konflikte und wachsender hybrider Bedrohungen, etwa im Bereich von Sabotage, Spionage oder Terrorismus, ergibt sich eine ethische und sicherheitspolitische Verantwortung:<\/p>\n<p>Einsatzkr\u00e4fte m\u00fcssen vorbereitet werden, um in neuen Bedrohungslagen handlungsf\u00e4hig zu bleiben und die Zivilgesellschaft zu sch\u00fctzen.<\/p>\n<h1  data-animation-delay=\"0\" data-animation-duration=\"1\">\n\t\t\t02\t<\/h1>\n<h2  data-animation-delay=\"0\" data-animation-duration=\"1\">\n\t\t\tTraining und Innovation\t<\/h2>\n\t\t<p>Welche neuen Trainingskonzepte und Technologien sind derzeit State of the Art?<\/p>\n\t<p>Als Europas gr\u00f6\u00dfte Training Base f\u00fcr BOS-Kr\u00e4fte verstehen wir uns nicht nur als Ausbildungsst\u00e4tte, sondern auch als Impulsgeber und Plattform f\u00fcr die Weiterentwicklung des Bev\u00f6lkerungsschutzes und der Inneren Sicherheit. Die moderne Einsatzrealit\u00e4t erfordert Trainingskonzepte, die klassische Szenarien mit neuen Bedrohungslagen wie hybriden Angriffen, kritischen Infrastrukturausf\u00e4llen oder CBRN-Ereignissen verbinden.<\/p>\n<p>Unsere Verantwortung ist es, Einsatzkr\u00e4fte unter realistischen, sicheren Bedingungen mit aktuellen Technologien und Methoden vertraut zu machen<\/p>\n\t\t<h4>Dazu geh\u00f6ren<\/h4><ul>\n<li>Ein neues Realbrand-Hochbauszenario f\u00fcr urbane Lagen der Feuerwehren, in dem Techniken nach grenz\u00fcberschreitenden Standards trainiert werden k\u00f6nnen.<\/li>\n<li>Zeitgem\u00e4\u00dfe Lern- und Arbeitsumgebungen in neu geschaffenen Briefing- und Seminarr\u00e4umen, die Stabsarbeit und F\u00fchrungs\u00fcbungen nach FwDV 100 und internationalen F\u00fchrungsgrunds\u00e4tzen unterst\u00fctzen.<\/li>\n<\/ul>\n\t<ul>\n<li>Integration moderner Sicherheitstechnologien, etwa Drohnentechnik f\u00fcr Lageerkundung, Sensorik zur Detektion chemischer oder radiologischer Gefahrenstoffe, digitale Lagef\u00fchrungstools oder Simulationen f\u00fcr kritische Infrastruktur-Szenarien.<\/li>\n<li>Innovationspartnerschaften mit Technologieanbieter*innen, die es erm\u00f6glichen, neue Systeme unter kontrollierten Bedingungen praktisch zu erproben. So wird die Training Base Weeze perspektivisch zu einem Innovationszentrum f\u00fcr den Sicherheitssektor.<\/li>\n<li>Kundenspezifische Trainingsmodule, die wir noch st\u00e4rker auf den tats\u00e4chlichen Bedarf abstimmen. Das umfasst sowohl einsatztaktische \u00dcbungen als auch strategische Szenarien im Bereich Gesamtverteidigung und Zivilschutz.<\/li>\n<\/ul>\n<p>Mit diesen Ma\u00dfnahmen schaffen wir eine Br\u00fccke zwischen operativer Praxis, wissenschaftlicher Expertise und technischer Innovation. Ziel ist es, Einsatzkr\u00e4fte so vorzubereiten, dass sie den wachsenden Herausforderungen resilient, interoperabel und zukunftssicher begegnen k\u00f6nnen.<\/p>\n<h1  data-animation-delay=\"0\" data-animation-duration=\"1\">\n\t\t\t03\t<\/h1>\n<h2  data-animation-delay=\"0\" data-animation-duration=\"1\">\n\t\t\tZukunft und Ausblick\t<\/h2>\n\t\t<p>Welchen Einfluss gewinnen KI und Virtual Reality in Bezug auf ein realistisches Einsatztraining?<\/p>\n\t<p>Die aktuellen sicherheitspolitischen Entwicklungen und der politische Kurswechsel f\u00fchren zu einer steigenden Nachfrage nach qualitativ hochwertiger Aus- und Fortbildung. F\u00fcr uns ist dies Chance und Verpflichtung zugleich:<\/p>\n<p>Wir wollen an der Seite der Beh\u00f6rden und Organisationen mit Sicherheitsaufgaben stehen, ihre Einsatzbereitschaft sichern und unserer gesellschaftlichen Verantwortung gerecht werden &#8211; mit einem motivierten Team, einem einzigartigen Trainingsgel\u00e4nde und viel Herzblut.<\/p>\n<p>K\u00fcnstliche Intelligenz und Virtual Reality werden dabei eine Schl\u00fcsselrolle spielen. Schon heute k\u00f6nnen wir Trainingsmodule virtuell abbilden, etwa f\u00fcr Lageerkundung, F\u00fchrungsentscheidungen oder das Erleben komplexer Bedrohungslagen. VR-Szenarien erm\u00f6glichen es, ganze Einsatzlagen in einer immersiven Umgebung zu trainieren, ohne physische Infrastruktur beanspruchen zu m\u00fcssen. Einsatzkr\u00e4fte k\u00f6nnen so unter gesch\u00fctzten Bedingungen Entscheidungen treffen, Stressmomente erleben und Interoperabilit\u00e4t ein\u00fcben.<\/p>\n<p>KI erg\u00e4nzt dies, indem sie Szenarien dynamisch anpasst: Lagebilder k\u00f6nnen in Echtzeit ver\u00e4ndert, Handlungen der \u00dcbungsteilnehmenden gespiegelt und alternative Entwicklungen simuliert werden. Damit entsteht eine Lernumgebung, die klassische \u00dcbungsformen erg\u00e4nzt und eine neue Tiefe in der Einsatzvorbereitung erreicht.<\/p>\n\t<p>Wir haben uns bewusst daf\u00fcr entschieden, KI und VR nicht als Ersatz, sondern als Erg\u00e4nzung unserer realen Szenarien einzusetzen. Auf dem Gel\u00e4nde der Training Base Weeze bleiben die praktische Erfahrung, das Arbeiten im Rauch, unter Atemschutz oder in Tr\u00fcmmern unverzichtbar. Doch die Verbindung von digitaler Simulation und realer \u00dcbung schafft ein ganzheitliches Ausbildungssystem &#8211; resilient, zukunftssicher und international anschlussf\u00e4hig.<\/p>\n<p>Um dieses Ziel zu erreichen, bauen wir derzeit eine eigene Kontaktstelle f\u00fcr die Entwicklung und Implementierung von KI- und VR-L\u00f6sungen auf. Mit Partner*innen aus Forschung, Industrie und BOS wollen wir neue Ma\u00dfst\u00e4be setzen und unsere Rolle als Impulsgeber f\u00fcr ein modernes Sicherheits- und Bev\u00f6lkerungsschutztraining weiter st\u00e4rken.<\/p>\n\t\t<h4>Leitgedanke<\/h4><p>Die Training Base Weeze tr\u00e4gt Verantwortung, Einsatzkr\u00e4fte nicht nur technisch und taktisch auszubilden, sondern sie auch im Sinne von F\u00fcrsorge, Nachhaltigkeit und gesellschaftlicher Resilienz vorzubereiten. Leitgedanke ist die Balance zwischen realit\u00e4tsnaher H\u00e4rte und dem Schutz der Menschen, die trainieren. Es geht darum, Plattform und Impulsgeber zu sein f\u00fcr vernetzte Sicherheit, f\u00fcr europ\u00e4ische Zusammenarbeit und f\u00fcr den Schutz von Bev\u00f6lkerung und kritischer Infrastruktur.<\/p>\n\t<h1>PERFECTLY PREPARED<\/h1>\n\t\t<p>Bereit f\u00fcr den Ernstfall? Jetzt individuelles Training buchen.<\/p>\n\t\t\t<a href=\"mailto:info@tb-weeze.com\" target=\"_blank\" rel=\"noopener\">\n\t\t\t\t\t\t\tANFRAGE SENDEN\n\t\t\t\t\t<\/a>\n\t\t<h4>TRAINING BASE WEEZE<\/h4>\t\n\t\t<p>Die Training Base Weeze steht f\u00fcr einen multidisziplin\u00e4ren Trainingscampus. Mit \u00fcber 60 ha Gesamtfl\u00e4che ist sie das gr\u00f6\u00dfte BOS-\u00dcbungszentrum seiner Art in Europa.<\/p>\n\t\t<h4>Contact<\/h4>\t\n\t\tTraining Base Weeze GmbH &amp; Co. KG<br \/>\nFlughafen-Ring 16 \/ 47652 Weeze<br \/>\nDeutschland<br \/>\nT \u00a0+ 49 2837 665630<br \/>\nF \u00a0+ 49 2837 665631<br \/>\n<a href=\"mailto:info@tb-weeze.com\" target=\"_blank\" rel=\"noopener\">info@tb-weeze.com<\/a>\n\t\t<h4>MORE INFORMATION<\/h4>\t\n<a href=\"https:\/\/www.tb-weeze.com\/nl\/career\/\">Karriere<\/a><br \/>\n<a href=\"https:\/\/www.tb-weeze.com\/nl\/imprint\/\">Impressum<\/a><br \/>\n<a href=\"https:\/\/www.tb-weeze.com\/nl\/privacy-policy\/\">Datenschutzerkl\u00e4rung<\/a><br \/>\n<a href=\"https:\/\/www.tb-weeze.com\/nl\/nieuwsbrief\/\">Newsletter<\/a><br \/>\n<a href=\"https:\/\/www.tb-weeze.com\/nl\/agbs\/\">AGBs<\/a><br \/>\n<a href=\"https:\/\/www.tb-weeze.com\/nl\/downloads\/\">Downloads<\/a>\n\t\t<h4>FOLLOW<\/h4>\t\n\t\t<p>\u00a9 Copyright 2025 | All rights are reserved<\/p>\n\n","protected":false},"excerpt":{"rendered":"<p>3 Fragen an Dr. Christian Endress Als CEO von Europas gr\u00f6\u00dfter Training Base tr\u00e4gt Dr. Christian Endre\u00df eine besondere Verantwortung. In diesem Dialog gew\u00e4hrt er Einblicke in seine Sichtweisen und die zuk\u00fcnftigen Herausforderungen in der Einsatzvorbereitung. Dr. Christian Endress Dr. Christian Endre\u00df ist ein angesehener Experte f\u00fcr innere Sicherheit, Katastrophenschutz, Spionageabwehr, Krisenmanagement, den Schutz kritischer&hellip;<\/p>\n","protected":false},"author":2,"featured_media":0,"parent":0,"menu_order":0,"comment_status":"closed","ping_status":"closed","template":"","meta":{"_monsterinsights_skip_tracking":false,"_monsterinsights_sitenote_active":false,"_monsterinsights_sitenote_note":"","_monsterinsights_sitenote_category":0,"footnotes":""},"class_list":["post-86611","page","type-page","status-publish","hentry"],"_links":{"self":[{"href":"https:\/\/www.tb-weeze.com\/nl\/wp-json\/wp\/v2\/pages\/86611","targetHints":{"allow":["GET"]}}],"collection":[{"href":"https:\/\/www.tb-weeze.com\/nl\/wp-json\/wp\/v2\/pages"}],"about":[{"href":"https:\/\/www.tb-weeze.com\/nl\/wp-json\/wp\/v2\/types\/page"}],"author":[{"embeddable":true,"href":"https:\/\/www.tb-weeze.com\/nl\/wp-json\/wp\/v2\/users\/2"}],"replies":[{"embeddable":true,"href":"https:\/\/www.tb-weeze.com\/nl\/wp-json\/wp\/v2\/comments?post=86611"}],"version-history":[{"count":8,"href":"https:\/\/www.tb-weeze.com\/nl\/wp-json\/wp\/v2\/pages\/86611\/revisions"}],"predecessor-version":[{"id":86712,"href":"https:\/\/www.tb-weeze.com\/nl\/wp-json\/wp\/v2\/pages\/86611\/revisions\/86712"}],"wp:attachment":[{"href":"https:\/\/www.tb-weeze.com\/nl\/wp-json\/wp\/v2\/media?parent=86611"}],"curies":[{"name":"wp","href":"https:\/\/api.w.org\/{rel}","templated":true}]}}